{"id":719,"date":"2017-11-21T15:46:05","date_gmt":"2017-11-21T14:46:05","guid":{"rendered":"https:\/\/harfen.at\/wp\/?page_id=719"},"modified":"2020-03-09T21:22:16","modified_gmt":"2020-03-09T20:22:16","slug":"harfen-und-wir","status":"publish","type":"page","link":"https:\/\/harfen.at\/wp\/harfen-und-wir\/","title":{"rendered":"Harfen und Wir"},"content":{"rendered":"<p>Wir besch\u00e4ftigen uns mit Harfen, Anna indem sie unsere Tage mit der Musik versch\u00f6nt. Ich bin Fan, nehme die Konzerte auf, produziere daraus die eine und andere CD und setze die Harfen in Stand. Im wirklichen Leben bin ich Ingenieur und segle in meiner Freizeit auf kleineren und gr\u00f6sseren Schiffen. Nat\u00fcrlich wie soll es anders sein, sind wir Kelten in der Tiefe unseres Herzens.<\/p>\n<p>Unsere Harfensammlung besteht aus folgenden Harfen:<br \/>\n&#8222;Cosma Maria Espiranza&#8220;, die grosse Italienische Tripelharfe von Chris Barlow<br \/>\n&#8222;Maria Grazia Adelheit&#8220; von Simon Capp eine arpa doppia .<br \/>\nbeide in England gebaut<br \/>\n&#8222;Rossa Mercedes&#8220;, die spanische Kreuzharfe von Tim Hoborough aus Schottland.<br \/>\nKozertharfe Erard Bj. 1905 h\u00f6rt auf &#8222;Amalie&#8220;<br \/>\nEine Tiroler Liederharfen (Einfachpedalharfe) von den Harfenbauern Bradl &#8222;Gretl&#8220;<br \/>\nHakenharfe von Paddy Cafferkey aus Irland &#8222;Zilli&#8220;<br \/>\n2 B\u00f6hmische Hakenharfen &#8222;Smily&#8220; und &#8222;Harissa&#8220;<br \/>\nkeltische Harfe mit Stahlseiten &#8222;Gwydion&#8220;<br \/>\nZwei Mittelalterharfen &#8222;Aya und Megabise&#8220;.<br \/>\nUnser Haus geht nicht \u00fcber, teilweise befinden sich die Damen au\u00dfer Haus als Leihgaben f\u00fcr Sch\u00fcler.<\/p>\n<p>Ein Mail schickt ihr am Besten an: <a href=\"mailto:admin@harfen.at\">admin@harfen.at<\/a><\/p>\n","protected":false},"excerpt":{"rendered":"<p>Wir besch\u00e4ftigen uns mit Harfen, Anna indem sie unsere Tage mit der Musik versch\u00f6nt. Ich bin Fan, nehme die Konzerte auf, produziere daraus die eine und andere CD und setze die Harfen in Stand. Im wirklichen Leben bin ich Ingenieur und segle in meiner Freizeit &hellip; <a href=\"https:\/\/harfen.at\/wp\/harfen-und-wir\/\" class=\"more-link\"><span>Weiterlesen<span class=\"screen-reader-text\">Harfen und Wir<\/span><\/span><\/a><\/p>\n","protected":false},"author":1,"featured_media":1378,"parent":0,"menu_order":4,"comment_status":"closed","ping_status":"closed","template":"","meta":{"footnotes":""},"class_list":["post-719","page","type-page","status-publish","has-post-thumbnail","hentry"],"_links":{"self":[{"href":"https:\/\/harfen.at\/wp\/wp-json\/wp\/v2\/pages\/719","targetHints":{"allow":["GET"]}}],"collection":[{"href":"https:\/\/harfen.at\/wp\/wp-json\/wp\/v2\/pages"}],"about":[{"href":"https:\/\/harfen.at\/wp\/wp-json\/wp\/v2\/types\/page"}],"author":[{"embeddable":true,"href":"https:\/\/harfen.at\/wp\/wp-json\/wp\/v2\/users\/1"}],"replies":[{"embeddable":true,"href":"https:\/\/harfen.at\/wp\/wp-json\/wp\/v2\/comments?post=719"}],"version-history":[{"count":2,"href":"https:\/\/harfen.at\/wp\/wp-json\/wp\/v2\/pages\/719\/revisions"}],"predecessor-version":[{"id":722,"href":"https:\/\/harfen.at\/wp\/wp-json\/wp\/v2\/pages\/719\/revisions\/722"}],"wp:featuredmedia":[{"embeddable":true,"href":"https:\/\/harfen.at\/wp\/wp-json\/wp\/v2\/media\/1378"}],"wp:attachment":[{"href":"https:\/\/harfen.at\/wp\/wp-json\/wp\/v2\/media?parent=719"}],"curies":[{"name":"wp","href":"https:\/\/api.w.org\/{rel}","templated":true}]}}